{"id":1288,"date":"2022-03-09T13:22:48","date_gmt":"2022-03-09T13:22:48","guid":{"rendered":"https:\/\/videoartfestival.ro?page_id=1288"},"modified":"2025-05-28T08:05:19","modified_gmt":"2025-05-28T08:05:19","slug":"news","status":"publish","type":"page","link":"https:\/\/videoartfestival.ro\/?page_id=1288","title":{"rendered":"NEWS"},"content":{"rendered":"\t\t<div data-elementor-type=\"wp-page\" data-elementor-id=\"1288\" class=\"elementor elementor-1288\">\n\t\t\t\t\t\t<section class=\"elementor-section elementor-top-section elementor-element elementor-element-7qzqegd elementor-section-boxed elementor-section-height-default elementor-section-height-default\" data-id=\"7qzqegd\" data-element_type=\"section\" data-settings=\"{&quot;background_background&quot;:&quot;classic&quot;}\">\n\t\t\t\t\t\t\t<div class=\"elementor-background-overlay\"><\/div>\n\t\t\t\t\t\t\t<div class=\"elementor-container elementor-column-gap-default\">\n\t\t\t\t\t<div class=\"elementor-column elementor-col-100 elementor-top-column elementor-element elementor-element-fd69444\" data-id=\"fd69444\" data-element_type=\"column\">\n\t\t\t<div class=\"elementor-widget-wrap elementor-element-populated\">\n\t\t\t\t\t\t<div class=\"elementor-element elementor-element-abcc2f2 elementor-widget elementor-widget-heading\" data-id=\"abcc2f2\" data-element_type=\"widget\" data-widget_type=\"heading.default\">\n\t\t\t\t<div class=\"elementor-widget-container\">\n\t\t\t<style>\/*! elementor - v3.20.0 - 26-03-2024 *\/\n.elementor-heading-title{padding:0;margin:0;line-height:1}.elementor-widget-heading .elementor-heading-title[class*=elementor-size-]>a{color:inherit;font-size:inherit;line-height:inherit}.elementor-widget-heading .elementor-heading-title.elementor-size-small{font-size:15px}.elementor-widget-heading .elementor-heading-title.elementor-size-medium{font-size:19px}.elementor-widget-heading .elementor-heading-title.elementor-size-large{font-size:29px}.elementor-widget-heading .elementor-heading-title.elementor-size-xl{font-size:39px}.elementor-widget-heading .elementor-heading-title.elementor-size-xxl{font-size:59px}<\/style><h1 class=\"elementor-heading-title elementor-size-default\">News<\/h1>\t\t<\/div>\n\t\t\t\t<\/div>\n\t\t\t\t\t<\/div>\n\t\t<\/div>\n\t\t\t\t\t<\/div>\n\t\t<\/section>\n\t\t\t\t<section class=\"elementor-section elementor-top-section elementor-element elementor-element-197d275 elementor-section-boxed elementor-section-height-default elementor-section-height-default\" data-id=\"197d275\" data-element_type=\"section\">\n\t\t\t\t\t\t<div class=\"elementor-container elementor-column-gap-default\">\n\t\t\t\t\t<div class=\"elementor-column elementor-col-100 elementor-top-column elementor-element elementor-element-93edad5\" data-id=\"93edad5\" data-element_type=\"column\">\n\t\t\t<div class=\"elementor-widget-wrap elementor-element-populated\">\n\t\t\t\t\t\t<div class=\"elementor-element elementor-element-d8d3e1b elementor-widget elementor-widget-heading\" data-id=\"d8d3e1b\" data-element_type=\"widget\" data-widget_type=\"heading.default\">\n\t\t\t\t<div class=\"elementor-widget-container\">\n\t\t\t<h2 class=\"elementor-heading-title elementor-size-default\">Nominaliz\u0103ri Sec\u021biunea FILM DE SCURTMETRAJ 2025<\/h2>\t\t<\/div>\n\t\t\t\t<\/div>\n\t\t\t\t<div class=\"elementor-element elementor-element-6342fe1 elementor-widget elementor-widget-image\" data-id=\"6342fe1\" data-element_type=\"widget\" data-widget_type=\"image.default\">\n\t\t\t\t<div class=\"elementor-widget-container\">\n\t\t\t<style>\/*! elementor - v3.20.0 - 26-03-2024 *\/\n.elementor-widget-image{text-align:center}.elementor-widget-image a{display:inline-block}.elementor-widget-image a img[src$=\".svg\"]{width:48px}.elementor-widget-image img{vertical-align:middle;display:inline-block}<\/style>\t\t\t\t\t\t\t\t\t\t<img fetchpriority=\"high\" decoding=\"async\" width=\"1024\" height=\"593\" src=\"https:\/\/videoartfestival.ro\/wp-content\/uploads\/2025\/05\/Captura-ecran-21-1024x593.png\" class=\"attachment-large size-large wp-image-4330\" alt=\"\" srcset=\"https:\/\/videoartfestival.ro\/wp-content\/uploads\/2025\/05\/Captura-ecran-21-1024x593.png 1024w, https:\/\/videoartfestival.ro\/wp-content\/uploads\/2025\/05\/Captura-ecran-21-300x174.png 300w, https:\/\/videoartfestival.ro\/wp-content\/uploads\/2025\/05\/Captura-ecran-21-768x444.png 768w, https:\/\/videoartfestival.ro\/wp-content\/uploads\/2025\/05\/Captura-ecran-21.png 1505w\" sizes=\"(max-width: 1024px) 100vw, 1024px\" \/>\t\t\t\t\t\t\t\t\t\t\t\t\t<\/div>\n\t\t\t\t<\/div>\n\t\t\t\t<div class=\"elementor-element elementor-element-611a790 elementor-widget elementor-widget-image\" data-id=\"611a790\" data-element_type=\"widget\" data-widget_type=\"image.default\">\n\t\t\t\t<div class=\"elementor-widget-container\">\n\t\t\t\t\t\t\t\t\t\t\t\t\t<img decoding=\"async\" width=\"1024\" height=\"504\" src=\"https:\/\/videoartfestival.ro\/wp-content\/uploads\/2025\/05\/Captura-ecran-20-1024x504.png\" class=\"attachment-large size-large wp-image-4329\" alt=\"\" srcset=\"https:\/\/videoartfestival.ro\/wp-content\/uploads\/2025\/05\/Captura-ecran-20-1024x504.png 1024w, https:\/\/videoartfestival.ro\/wp-content\/uploads\/2025\/05\/Captura-ecran-20-300x148.png 300w, https:\/\/videoartfestival.ro\/wp-content\/uploads\/2025\/05\/Captura-ecran-20-768x378.png 768w, https:\/\/videoartfestival.ro\/wp-content\/uploads\/2025\/05\/Captura-ecran-20.png 1500w\" sizes=\"(max-width: 1024px) 100vw, 1024px\" \/>\t\t\t\t\t\t\t\t\t\t\t\t\t<\/div>\n\t\t\t\t<\/div>\n\t\t\t\t<div class=\"elementor-element elementor-element-c7b70a1 elementor-widget elementor-widget-text-editor\" data-id=\"c7b70a1\" data-element_type=\"widget\" data-widget_type=\"text-editor.default\">\n\t\t\t\t<div class=\"elementor-widget-container\">\n\t\t\t<style>\/*! elementor - v3.20.0 - 26-03-2024 *\/\n.elementor-widget-text-editor.elementor-drop-cap-view-stacked .elementor-drop-cap{background-color:#69727d;color:#fff}.elementor-widget-text-editor.elementor-drop-cap-view-framed .elementor-drop-cap{color:#69727d;border:3px solid;background-color:transparent}.elementor-widget-text-editor:not(.elementor-drop-cap-view-default) .elementor-drop-cap{margin-top:8px}.elementor-widget-text-editor:not(.elementor-drop-cap-view-default) .elementor-drop-cap-letter{width:1em;height:1em}.elementor-widget-text-editor .elementor-drop-cap{float:left;text-align:center;line-height:1;font-size:50px}.elementor-widget-text-editor .elementor-drop-cap-letter{display:inline-block}<\/style>\t\t\t\t<p><strong>Not\u0103 :<\/strong> La aceast\u0103 sec\u021biune au fost admise suplimentar \u00een list\u0103 un num\u0103r de 3(trei) echipaje, clasate pe pozi\u021biile imediat urm\u0103toare \u00een ierarhia notelor acordate de juriu, ca urmare a faptului c\u0103 la Sec\u021biunea <strong>Spot<\/strong> num\u0103rul echipajelor calificate a fost sub num\u0103rul preconizat, respectiv 10 echipaje.<\/p>\t\t\t\t\t\t<\/div>\n\t\t\t\t<\/div>\n\t\t\t\t<div class=\"elementor-element elementor-element-00d6933 elementor-widget elementor-widget-heading\" data-id=\"00d6933\" data-element_type=\"widget\" data-widget_type=\"heading.default\">\n\t\t\t\t<div class=\"elementor-widget-container\">\n\t\t\t<h2 class=\"elementor-heading-title elementor-size-default\">Nominaliz\u0103ri Sec\u021biunea SPOT 2025<\/h2>\t\t<\/div>\n\t\t\t\t<\/div>\n\t\t\t\t<div class=\"elementor-element elementor-element-060d416 elementor-widget elementor-widget-image\" data-id=\"060d416\" data-element_type=\"widget\" data-widget_type=\"image.default\">\n\t\t\t\t<div class=\"elementor-widget-container\">\n\t\t\t\t\t\t\t\t\t\t\t\t\t<img decoding=\"async\" width=\"1024\" height=\"346\" src=\"https:\/\/videoartfestival.ro\/wp-content\/uploads\/2025\/05\/Captura-ecran-6-1024x346.png\" class=\"attachment-large size-large wp-image-4259\" alt=\"\" srcset=\"https:\/\/videoartfestival.ro\/wp-content\/uploads\/2025\/05\/Captura-ecran-6-1024x346.png 1024w, https:\/\/videoartfestival.ro\/wp-content\/uploads\/2025\/05\/Captura-ecran-6-300x101.png 300w, https:\/\/videoartfestival.ro\/wp-content\/uploads\/2025\/05\/Captura-ecran-6-768x260.png 768w, https:\/\/videoartfestival.ro\/wp-content\/uploads\/2025\/05\/Captura-ecran-6-1536x519.png 1536w, https:\/\/videoartfestival.ro\/wp-content\/uploads\/2025\/05\/Captura-ecran-6.png 1559w\" sizes=\"(max-width: 1024px) 100vw, 1024px\" \/>\t\t\t\t\t\t\t\t\t\t\t\t\t<\/div>\n\t\t\t\t<\/div>\n\t\t\t\t<div class=\"elementor-element elementor-element-162fad4 elementor-widget elementor-widget-heading\" data-id=\"162fad4\" data-element_type=\"widget\" data-widget_type=\"heading.default\">\n\t\t\t\t<div class=\"elementor-widget-container\">\n\t\t\t<h2 class=\"elementor-heading-title elementor-size-default\">Nominaliz\u0103ri Sec\u021biunea FILME DIN STR\u0102IN\u0102TATE 2025<\/h2>\t\t<\/div>\n\t\t\t\t<\/div>\n\t\t\t\t<div class=\"elementor-element elementor-element-3fc7407 elementor-widget elementor-widget-image\" data-id=\"3fc7407\" data-element_type=\"widget\" data-widget_type=\"image.default\">\n\t\t\t\t<div class=\"elementor-widget-container\">\n\t\t\t\t\t\t\t\t\t\t\t\t\t<img loading=\"lazy\" decoding=\"async\" width=\"1024\" height=\"536\" src=\"https:\/\/videoartfestival.ro\/wp-content\/uploads\/2025\/05\/Captura-ecran-16-1024x536.png\" class=\"attachment-large size-large wp-image-4288\" alt=\"\" srcset=\"https:\/\/videoartfestival.ro\/wp-content\/uploads\/2025\/05\/Captura-ecran-16-1024x536.png 1024w, https:\/\/videoartfestival.ro\/wp-content\/uploads\/2025\/05\/Captura-ecran-16-300x157.png 300w, https:\/\/videoartfestival.ro\/wp-content\/uploads\/2025\/05\/Captura-ecran-16-768x402.png 768w, https:\/\/videoartfestival.ro\/wp-content\/uploads\/2025\/05\/Captura-ecran-16.png 1238w\" sizes=\"(max-width: 1024px) 100vw, 1024px\" \/>\t\t\t\t\t\t\t\t\t\t\t\t\t<\/div>\n\t\t\t\t<\/div>\n\t\t\t\t<div class=\"elementor-element elementor-element-d377203 elementor-widget elementor-widget-heading\" data-id=\"d377203\" data-element_type=\"widget\" data-widget_type=\"heading.default\">\n\t\t\t\t<div class=\"elementor-widget-container\">\n\t\t\t<h2 class=\"elementor-heading-title elementor-size-default\">Nominaliz\u0103ri Sec\u021biunea FILME DE LA STUDEN\u021aI 2025\n\n<\/h2>\t\t<\/div>\n\t\t\t\t<\/div>\n\t\t\t\t<div class=\"elementor-element elementor-element-228bd5e elementor-widget elementor-widget-image\" data-id=\"228bd5e\" data-element_type=\"widget\" data-widget_type=\"image.default\">\n\t\t\t\t<div class=\"elementor-widget-container\">\n\t\t\t\t\t\t\t\t\t\t\t\t\t<img loading=\"lazy\" decoding=\"async\" width=\"1024\" height=\"240\" src=\"https:\/\/videoartfestival.ro\/wp-content\/uploads\/2025\/05\/Captura-ecran-18-1024x240.png\" class=\"attachment-large size-large wp-image-4304\" alt=\"\" srcset=\"https:\/\/videoartfestival.ro\/wp-content\/uploads\/2025\/05\/Captura-ecran-18-1024x240.png 1024w, https:\/\/videoartfestival.ro\/wp-content\/uploads\/2025\/05\/Captura-ecran-18-300x70.png 300w, https:\/\/videoartfestival.ro\/wp-content\/uploads\/2025\/05\/Captura-ecran-18-768x180.png 768w, https:\/\/videoartfestival.ro\/wp-content\/uploads\/2025\/05\/Captura-ecran-18.png 1237w\" sizes=\"(max-width: 1024px) 100vw, 1024px\" \/>\t\t\t\t\t\t\t\t\t\t\t\t\t<\/div>\n\t\t\t\t<\/div>\n\t\t\t\t\t<\/div>\n\t\t<\/div>\n\t\t\t\t\t<\/div>\n\t\t<\/section>\n\t\t\t\t<\/div>\n\t\t","protected":false},"excerpt":{"rendered":"<p>News Nominaliz\u0103ri Sec\u021biunea FILM DE SCURTMETRAJ 2025 Not\u0103 : La aceast\u0103 sec\u021biune au fost admise suplimentar \u00een list\u0103 un num\u0103r de 3(trei) echipaje, clasate pe pozi\u021biile imediat urm\u0103toare \u00een ierarhia notelor acordate de juriu, ca urmare a faptului c\u0103 la Sec\u021biunea Spot num\u0103rul echipajelor calificate a fost sub num\u0103rul preconizat, respectiv 10 echipaje. Nominaliz\u0103ri Sec\u021biunea &hellip;<\/p>\n<p class=\"read-more\"> <a class=\"\" href=\"https:\/\/videoartfestival.ro\/?page_id=1288\"> <span class=\"screen-reader-text\">NEWS<\/span> Read More &raquo;<\/a><\/p>\n","protected":false},"author":1,"featured_media":0,"parent":0,"menu_order":0,"comment_status":"closed","ping_status":"closed","template":"","meta":{"site-sidebar-layout":"no-sidebar","site-content-layout":"page-builder","ast-global-header-display":"","ast-main-header-display":"","ast-hfb-above-header-display":"","ast-hfb-below-header-display":"","ast-hfb-mobile-header-display":"","site-post-title":"disabled","ast-breadcrumbs-content":"","ast-featured-img":"disabled","footer-sml-layout":"","theme-transparent-header-meta":"","adv-header-id-meta":"","stick-header-meta":"","header-above-stick-meta":"","header-main-stick-meta":"","header-below-stick-meta":"","footnotes":""},"class_list":["post-1288","page","type-page","status-publish","hentry"],"_links":{"self":[{"href":"https:\/\/videoartfestival.ro\/index.php?rest_route=\/wp\/v2\/pages\/1288","targetHints":{"allow":["GET"]}}],"collection":[{"href":"https:\/\/videoartfestival.ro\/index.php?rest_route=\/wp\/v2\/pages"}],"about":[{"href":"https:\/\/videoartfestival.ro\/index.php?rest_route=\/wp\/v2\/types\/page"}],"author":[{"embeddable":true,"href":"https:\/\/videoartfestival.ro\/index.php?rest_route=\/wp\/v2\/users\/1"}],"replies":[{"embeddable":true,"href":"https:\/\/videoartfestival.ro\/index.php?rest_route=%2Fwp%2Fv2%2Fcomments&post=1288"}],"version-history":[{"count":58,"href":"https:\/\/videoartfestival.ro\/index.php?rest_route=\/wp\/v2\/pages\/1288\/revisions"}],"predecessor-version":[{"id":4333,"href":"https:\/\/videoartfestival.ro\/index.php?rest_route=\/wp\/v2\/pages\/1288\/revisions\/4333"}],"wp:attachment":[{"href":"https:\/\/videoartfestival.ro\/index.php?rest_route=%2Fwp%2Fv2%2Fmedia&parent=1288"}],"curies":[{"name":"wp","href":"https:\/\/api.w.org\/{rel}","templated":true}]}}